{"id":1979,"date":"2023-05-25T16:38:09","date_gmt":"2023-05-25T14:38:09","guid":{"rendered":"http:\/\/memcmf23.fr\/?page_id=1979"},"modified":"2023-06-02T14:55:45","modified_gmt":"2023-06-02T12:55:45","slug":"societe-de-musique-de-bussiere-dunoise","status":"publish","type":"page","link":"https:\/\/memcmf23.fr\/index.php\/societe-de-musique-de-bussiere-dunoise\/","title":{"rendered":"Soci\u00e9t\u00e9 de Musique de Bussi\u00e8re-Dunoise"},"content":{"rendered":"\t\t<div data-elementor-type=\"wp-page\" data-elementor-id=\"1979\" class=\"elementor elementor-1979\">\n\t\t\t\t\t\t\t\t\t<section class=\"elementor-section elementor-top-section elementor-element elementor-element-c6757bf elementor-section-height-min-height elementor-section-boxed elementor-section-height-default elementor-section-items-middle\" data-id=\"c6757bf\" data-element_type=\"section\" data-settings=\"{&quot;background_background&quot;:&quot;classic&quot;}\">\n\t\t\t\t\t\t\t<div class=\"elementor-background-overlay\"><\/div>\n\t\t\t\t\t\t\t<div class=\"elementor-container elementor-column-gap-default\">\n\t\t\t\t\t<div class=\"elementor-column elementor-col-100 elementor-top-column elementor-element elementor-element-f9b31dc\" data-id=\"f9b31dc\" data-element_type=\"column\">\n\t\t\t<div class=\"elementor-widget-wrap elementor-element-populated\">\n\t\t\t\t\t\t\t\t<div class=\"elementor-element elementor-element-c43f5a9 elementor-widget elementor-widget-heading\" data-id=\"c43f5a9\" data-element_type=\"widget\" data-widget_type=\"heading.default\">\n\t\t\t\t<div class=\"elementor-widget-container\">\n\t\t\t<style>\/*! elementor - v3.18.0 - 20-12-2023 *\/\n.elementor-heading-title{padding:0;margin:0;line-height:1}.elementor-widget-heading .elementor-heading-title[class*=elementor-size-]>a{color:inherit;font-size:inherit;line-height:inherit}.elementor-widget-heading .elementor-heading-title.elementor-size-small{font-size:15px}.elementor-widget-heading .elementor-heading-title.elementor-size-medium{font-size:19px}.elementor-widget-heading .elementor-heading-title.elementor-size-large{font-size:29px}.elementor-widget-heading .elementor-heading-title.elementor-size-xl{font-size:39px}.elementor-widget-heading .elementor-heading-title.elementor-size-xxl{font-size:59px}<\/style><h2 class=\"elementor-heading-title elementor-size-default\">Soci\u00e9t\u00e9 de musique de Bussi\u00e8re-Dunoise<\/h2>\t\t<\/div>\n\t\t\t\t<\/div>\n\t\t\t\t\t<\/div>\n\t\t<\/div>\n\t\t\t\t\t\t\t<\/div>\n\t\t<\/section>\n\t\t\t\t<section class=\"elementor-section elementor-top-section elementor-element elementor-element-f6344f5 elementor-section-boxed elementor-section-height-default elementor-section-height-default\" data-id=\"f6344f5\" data-element_type=\"section\">\n\t\t\t\t\t\t<div class=\"elementor-container elementor-column-gap-default\">\n\t\t\t\t\t<div class=\"elementor-column elementor-col-100 elementor-top-column elementor-element elementor-element-611c13c\" data-id=\"611c13c\" data-element_type=\"column\">\n\t\t\t<div class=\"elementor-widget-wrap elementor-element-populated\">\n\t\t\t\t\t\t\t\t<div class=\"elementor-element elementor-element-9927d9c elementor-widget elementor-widget-text-editor\" data-id=\"9927d9c\" data-element_type=\"widget\" data-widget_type=\"text-editor.default\">\n\t\t\t\t<div class=\"elementor-widget-container\">\n\t\t\t<style>\/*! elementor - v3.18.0 - 20-12-2023 *\/\n.elementor-widget-text-editor.elementor-drop-cap-view-stacked .elementor-drop-cap{background-color:#69727d;color:#fff}.elementor-widget-text-editor.elementor-drop-cap-view-framed .elementor-drop-cap{color:#69727d;border:3px solid;background-color:transparent}.elementor-widget-text-editor:not(.elementor-drop-cap-view-default) .elementor-drop-cap{margin-top:8px}.elementor-widget-text-editor:not(.elementor-drop-cap-view-default) .elementor-drop-cap-letter{width:1em;height:1em}.elementor-widget-text-editor .elementor-drop-cap{float:left;text-align:center;line-height:1;font-size:50px}.elementor-widget-text-editor .elementor-drop-cap-letter{display:inline-block}<\/style>\t\t\t\t<h1 class=\"font_8 wixui-rich-text__text\"><span class=\"wixui-rich-text__text\">Pr\u00e9sentation de la soci\u00e9t\u00e9 de musique de Bussi\u00e8re-Dunoise :<\/span><\/h1><p class=\"font_8 wixui-rich-text__text\"><span class=\"wixui-rich-text__text\">L&#8217;\u00e9cole de musique de Bussi\u00e8re-Dunoise est une \u00e9cole associative. Elle est, dans le cadre qui lui est d\u00e9fini, une \u00e9cole d\u00e9di\u00e9e \u00e0 l&#8217;expression de passions musicales. Elle forme dans le domaine de la formation musicale et des instruments \u00e0 vents, , son objectif \u00e9tant de former des musiciens qui viendront int\u00e9grer le groupe musical de Bussi\u00e8re-Dunoise. Elle travaille en partenariat avec Musique en Marche.<\/span><\/p><p class=\"font_8 wixui-rich-text__text\"><span class=\"wixui-rich-text__text\">L&#8217;\u00e9cole de musique de Bussi\u00e8re-Dunoise, dans son organisation, se r\u00e9f\u00e8re \u00e0 un ensemble de textes\u00a0<\/span><\/p><p class=\"font_8 wixui-rich-text__text\"><span class=\"wixui-rich-text__text\">La charte de l&#8217;enseignement artistique sp\u00e9cialis\u00e9, \u00e9dit\u00e9e par le Minist\u00e8re de la Culture et au sch\u00e9ma d&#8217;orientation et de l&#8217;organisation p\u00e9dagogique de l&#8217;enseignement musical<\/span><\/p><p class=\"font_8 wixui-rich-text__text\"><span class=\"wixui-rich-text__text\">Le projet associatif<\/span><\/p><p class=\"font_8 wixui-rich-text__text\"><span class=\"wixui-rich-text__text\">La convention<\/span><\/p><p class=\"font_8 wixui-rich-text__text\"><span class=\"wixui-rich-text__text\">Les statuts de l&#8217;association<\/span><\/p><p class=\"font_8 wixui-rich-text__text\"><span class=\"wixui-rich-text__text\">Le r\u00e8glement de l&#8217;association<\/span><\/p><p class=\"font_8 wixui-rich-text__text\"><span class=\"wixui-rich-text__text\">En d\u00e9but d&#8217;ann\u00e9e, nous \u00e9tablissons les objectifs p\u00e9dagogiques (dans le respect du projet d&#8217;\u00e9tablissement et du sch\u00e9ma d&#8217;orientation p\u00e9dagogique) avec des objectifs musicaux respectant une exigence selon le niveau et l&#8217;interpr\u00e9tation. Le choix du programme des examens et de l&#8217;orchestre ainsi que des morceaux interpr\u00e9t\u00e9s pour l&#8217;audition de fin d&#8217;ann\u00e9e se fait en fonction du niveau des musiciens dans un but de progression selon l&#8217;objectif pr\u00e9d\u00e9fini.<\/span><\/p><p class=\"font_8 wixui-rich-text__text\"><span class=\"wixui-rich-text__text\">Notre organisation au cours de ce cycle est ainsi :<\/span><\/p><p><span class=\"wixui-rich-text__text\">Formation musicale : <\/span><\/p><p><span class=\"wixui-rich-text__text\">dur\u00e9e de 1h \u00e0 1h30 par semaine\u00a0<\/span><\/p><p class=\"font_8 wixui-rich-text__text\"><span class=\"wixui-rich-text__text\">Pratique collective : <\/span><\/p><p class=\"font_8 wixui-rich-text__text\"><span class=\"wixui-rich-text__text\">orchestre d&#8217;\u00e9l\u00e8ves pendant 1h30 toutes les semaines (pratique de groupe indispensable pour acqu\u00e9rir certains apprentissages musicaux)<\/span><\/p><p class=\"font_8 wixui-rich-text__text\"><span class=\"wixui-rich-text__text\">Formation instrumentale :<\/span><\/p><p class=\"font_8 wixui-rich-text__text\"><span class=\"wixui-rich-text__text\">30 minutes par semaine<\/span><\/p>\t\t\t\t\t\t<\/div>\n\t\t\t\t<\/div>\n\t\t\t\t\t<\/div>\n\t\t<\/div>\n\t\t\t\t\t\t\t<\/div>\n\t\t<\/section>\n\t\t\t\t<section class=\"elementor-section elementor-top-section elementor-element elementor-element-180be0c elementor-section-boxed elementor-section-height-default elementor-section-height-default\" data-id=\"180be0c\" data-element_type=\"section\">\n\t\t\t\t\t\t<div class=\"elementor-container elementor-column-gap-default\">\n\t\t\t\t\t<div class=\"elementor-column elementor-col-100 elementor-top-column elementor-element elementor-element-63e8257\" data-id=\"63e8257\" data-element_type=\"column\">\n\t\t\t<div class=\"elementor-widget-wrap elementor-element-populated\">\n\t\t\t\t\t\t\t\t<div class=\"elementor-element elementor-element-78b4a78 elementor-align-center elementor-widget elementor-widget-button\" data-id=\"78b4a78\" data-element_type=\"widget\" data-widget_type=\"button.default\">\n\t\t\t\t<div class=\"elementor-widget-container\">\n\t\t\t\t\t<div class=\"elementor-button-wrapper\">\n\t\t\t<a class=\"elementor-button elementor-button-link elementor-size-sm\" href=\"#\">\n\t\t\t\t\t\t<span class=\"elementor-button-content-wrapper\">\n\t\t\t\t\t\t<span class=\"elementor-button-text\">En savoir plus<\/span>\n\t\t<\/span>\n\t\t\t\t\t<\/a>\n\t\t<\/div>\n\t\t\t\t<\/div>\n\t\t\t\t<\/div>\n\t\t\t\t<div class=\"elementor-element elementor-element-41d0358 elementor-shape-rounded elementor-grid-0 e-grid-align-center elementor-widget elementor-widget-social-icons\" data-id=\"41d0358\" data-element_type=\"widget\" data-widget_type=\"social-icons.default\">\n\t\t\t\t<div class=\"elementor-widget-container\">\n\t\t\t<style>\/*! elementor - v3.18.0 - 20-12-2023 *\/\n.elementor-widget-social-icons.elementor-grid-0 .elementor-widget-container,.elementor-widget-social-icons.elementor-grid-mobile-0 .elementor-widget-container,.elementor-widget-social-icons.elementor-grid-tablet-0 .elementor-widget-container{line-height:1;font-size:0}.elementor-widget-social-icons:not(.elementor-grid-0):not(.elementor-grid-tablet-0):not(.elementor-grid-mobile-0) .elementor-grid{display:inline-grid}.elementor-widget-social-icons .elementor-grid{grid-column-gap:var(--grid-column-gap,5px);grid-row-gap:var(--grid-row-gap,5px);grid-template-columns:var(--grid-template-columns);justify-content:var(--justify-content,center);justify-items:var(--justify-content,center)}.elementor-icon.elementor-social-icon{font-size:var(--icon-size,25px);line-height:var(--icon-size,25px);width:calc(var(--icon-size, 25px) + 2 * var(--icon-padding, .5em));height:calc(var(--icon-size, 25px) + 2 * var(--icon-padding, .5em))}.elementor-social-icon{--e-social-icon-icon-color:#fff;display:inline-flex;background-color:#69727d;align-items:center;justify-content:center;text-align:center;cursor:pointer}.elementor-social-icon i{color:var(--e-social-icon-icon-color)}.elementor-social-icon svg{fill:var(--e-social-icon-icon-color)}.elementor-social-icon:last-child{margin:0}.elementor-social-icon:hover{opacity:.9;color:#fff}.elementor-social-icon-android{background-color:#a4c639}.elementor-social-icon-apple{background-color:#999}.elementor-social-icon-behance{background-color:#1769ff}.elementor-social-icon-bitbucket{background-color:#205081}.elementor-social-icon-codepen{background-color:#000}.elementor-social-icon-delicious{background-color:#39f}.elementor-social-icon-deviantart{background-color:#05cc47}.elementor-social-icon-digg{background-color:#005be2}.elementor-social-icon-dribbble{background-color:#ea4c89}.elementor-social-icon-elementor{background-color:#d30c5c}.elementor-social-icon-envelope{background-color:#ea4335}.elementor-social-icon-facebook,.elementor-social-icon-facebook-f{background-color:#3b5998}.elementor-social-icon-flickr{background-color:#0063dc}.elementor-social-icon-foursquare{background-color:#2d5be3}.elementor-social-icon-free-code-camp,.elementor-social-icon-freecodecamp{background-color:#006400}.elementor-social-icon-github{background-color:#333}.elementor-social-icon-gitlab{background-color:#e24329}.elementor-social-icon-globe{background-color:#69727d}.elementor-social-icon-google-plus,.elementor-social-icon-google-plus-g{background-color:#dd4b39}.elementor-social-icon-houzz{background-color:#7ac142}.elementor-social-icon-instagram{background-color:#262626}.elementor-social-icon-jsfiddle{background-color:#487aa2}.elementor-social-icon-link{background-color:#818a91}.elementor-social-icon-linkedin,.elementor-social-icon-linkedin-in{background-color:#0077b5}.elementor-social-icon-medium{background-color:#00ab6b}.elementor-social-icon-meetup{background-color:#ec1c40}.elementor-social-icon-mixcloud{background-color:#273a4b}.elementor-social-icon-odnoklassniki{background-color:#f4731c}.elementor-social-icon-pinterest{background-color:#bd081c}.elementor-social-icon-product-hunt{background-color:#da552f}.elementor-social-icon-reddit{background-color:#ff4500}.elementor-social-icon-rss{background-color:#f26522}.elementor-social-icon-shopping-cart{background-color:#4caf50}.elementor-social-icon-skype{background-color:#00aff0}.elementor-social-icon-slideshare{background-color:#0077b5}.elementor-social-icon-snapchat{background-color:#fffc00}.elementor-social-icon-soundcloud{background-color:#f80}.elementor-social-icon-spotify{background-color:#2ebd59}.elementor-social-icon-stack-overflow{background-color:#fe7a15}.elementor-social-icon-steam{background-color:#00adee}.elementor-social-icon-stumbleupon{background-color:#eb4924}.elementor-social-icon-telegram{background-color:#2ca5e0}.elementor-social-icon-thumb-tack{background-color:#1aa1d8}.elementor-social-icon-tripadvisor{background-color:#589442}.elementor-social-icon-tumblr{background-color:#35465c}.elementor-social-icon-twitch{background-color:#6441a5}.elementor-social-icon-twitter{background-color:#1da1f2}.elementor-social-icon-viber{background-color:#665cac}.elementor-social-icon-vimeo{background-color:#1ab7ea}.elementor-social-icon-vk{background-color:#45668e}.elementor-social-icon-weibo{background-color:#dd2430}.elementor-social-icon-weixin{background-color:#31a918}.elementor-social-icon-whatsapp{background-color:#25d366}.elementor-social-icon-wordpress{background-color:#21759b}.elementor-social-icon-xing{background-color:#026466}.elementor-social-icon-yelp{background-color:#af0606}.elementor-social-icon-youtube{background-color:#cd201f}.elementor-social-icon-500px{background-color:#0099e5}.elementor-shape-rounded .elementor-icon.elementor-social-icon{border-radius:10%}.elementor-shape-circle .elementor-icon.elementor-social-icon{border-radius:50%}<\/style>\t\t<div class=\"elementor-social-icons-wrapper elementor-grid\">\n\t\t\t\t\t\t\t<span class=\"elementor-grid-item\">\n\t\t\t\t\t<a class=\"elementor-icon elementor-social-icon elementor-social-icon-google elementor-repeater-item-42d82c9\" href=\"https:\/\/nathaliemarot3623.wixsite.com\/ecole-de-musique\/nos-programmes\" target=\"_blank\">\n\t\t\t\t\t\t<span class=\"elementor-screen-only\">Google<\/span>\n\t\t\t\t\t\t<i class=\"fab fa-google\"><\/i>\t\t\t\t\t<\/a>\n\t\t\t\t<\/span>\n\t\t\t\t\t<\/div>\n\t\t\t\t<\/div>\n\t\t\t\t<\/div>\n\t\t\t\t\t<\/div>\n\t\t<\/div>\n\t\t\t\t\t\t\t<\/div>\n\t\t<\/section>\n\t\t\t\t\t\t\t<\/div>\n\t\t","protected":false},"excerpt":{"rendered":"<p>Soci\u00e9t\u00e9 de musique de Bussi\u00e8re-Dunoise Pr\u00e9sentation de la soci\u00e9t\u00e9 de musique de Bussi\u00e8re-Dunoise : L&#8217;\u00e9cole de musique de Bussi\u00e8re-Dunoise est une \u00e9cole associative. Elle est, dans le cadre qui lui [&hellip;]<\/p>\n","protected":false},"author":1,"featured_media":0,"parent":0,"menu_order":0,"comment_status":"closed","ping_status":"closed","template":"elementor_header_footer","meta":{"_uag_custom_page_level_css":"","_EventAllDay":false,"_EventTimezone":"","_EventStartDate":"","_EventEndDate":"","_EventStartDateUTC":"","_EventEndDateUTC":"","_EventShowMap":false,"_EventShowMapLink":false,"_EventURL":"","_EventCost":"","_EventCostDescription":"","_EventCurrencySymbol":"","_EventCurrencyCode":"","_EventCurrencyPosition":"","_EventDateTimeSeparator":"","_EventTimeRangeSeparator":"","_EventOrganizerID":[],"_EventVenueID":[],"_OrganizerEmail":"","_OrganizerPhone":"","_OrganizerWebsite":"","_VenueAddress":"","_VenueCity":"","_VenueCountry":"","_VenueProvince":"","_VenueState":"","_VenueZip":"","_VenuePhone":"","_VenueURL":"","_VenueStateProvince":"","_VenueLat":"","_VenueLng":"","_VenueShowMap":false,"_VenueShowMapLink":false,"footnotes":""},"class_list":["post-1979","page","type-page","status-publish","hentry","entry"],"yoast_head":"<!-- This site is optimized with the Yoast SEO plugin v21.8 - https:\/\/yoast.com\/wordpress\/plugins\/seo\/ -->\n<title>Soci\u00e9t\u00e9 de Musique de Bussi\u00e8re-Dunoise - Musique(s) en Marche<\/title>\n<meta name=\"robots\" content=\"index, follow, max-snippet:-1, max-image-preview:large, max-video-preview:-1\" \/>\n<link rel=\"canonical\" href=\"https:\/\/memcmf23.fr\/index.php\/societe-de-musique-de-bussiere-dunoise\/\" \/>\n<meta property=\"og:locale\" content=\"en_US\" \/>\n<meta property=\"og:type\" content=\"article\" \/>\n<meta property=\"og:title\" content=\"Soci\u00e9t\u00e9 de Musique de Bussi\u00e8re-Dunoise - Musique(s) en Marche\" \/>\n<meta property=\"og:description\" content=\"Soci\u00e9t\u00e9 de musique de Bussi\u00e8re-Dunoise Pr\u00e9sentation de la soci\u00e9t\u00e9 de musique de Bussi\u00e8re-Dunoise : L&#8217;\u00e9cole de musique de Bussi\u00e8re-Dunoise est une \u00e9cole associative. Elle est, dans le cadre qui lui [&hellip;]\" \/>\n<meta property=\"og:url\" content=\"https:\/\/memcmf23.fr\/index.php\/societe-de-musique-de-bussiere-dunoise\/\" \/>\n<meta property=\"og:site_name\" content=\"Musique(s) en Marche\" \/>\n<meta property=\"article:publisher\" content=\"https:\/\/www.facebook.com\/p\/Musiques-en-Marche-100031013935971\/\" \/>\n<meta property=\"article:modified_time\" content=\"2023-06-02T12:55:45+00:00\" \/>\n<meta name=\"twitter:card\" content=\"summary_large_image\" \/>\n<meta name=\"twitter:label1\" content=\"Est. reading time\" \/>\n\t<meta name=\"twitter:data1\" content=\"2 minutes\" \/>\n<script type=\"application\/ld+json\" class=\"yoast-schema-graph\">{\"@context\":\"https:\/\/schema.org\",\"@graph\":[{\"@type\":\"WebPage\",\"@id\":\"https:\/\/memcmf23.fr\/index.php\/societe-de-musique-de-bussiere-dunoise\/\",\"url\":\"https:\/\/memcmf23.fr\/index.php\/societe-de-musique-de-bussiere-dunoise\/\",\"name\":\"Soci\u00e9t\u00e9 de Musique de Bussi\u00e8re-Dunoise - Musique(s) en Marche\",\"isPartOf\":{\"@id\":\"https:\/\/memcmf23.fr\/#website\"},\"datePublished\":\"2023-05-25T14:38:09+00:00\",\"dateModified\":\"2023-06-02T12:55:45+00:00\",\"breadcrumb\":{\"@id\":\"https:\/\/memcmf23.fr\/index.php\/societe-de-musique-de-bussiere-dunoise\/#breadcrumb\"},\"inLanguage\":\"en-US\",\"potentialAction\":[{\"@type\":\"ReadAction\",\"target\":[\"https:\/\/memcmf23.fr\/index.php\/societe-de-musique-de-bussiere-dunoise\/\"]}]},{\"@type\":\"BreadcrumbList\",\"@id\":\"https:\/\/memcmf23.fr\/index.php\/societe-de-musique-de-bussiere-dunoise\/#breadcrumb\",\"itemListElement\":[{\"@type\":\"ListItem\",\"position\":1,\"name\":\"Accueil\",\"item\":\"https:\/\/memcmf23.fr\/\"},{\"@type\":\"ListItem\",\"position\":2,\"name\":\"Soci\u00e9t\u00e9 de Musique de Bussi\u00e8re-Dunoise\"}]},{\"@type\":\"WebSite\",\"@id\":\"https:\/\/memcmf23.fr\/#website\",\"url\":\"https:\/\/memcmf23.fr\/\",\"name\":\"Musique(s) en Marche\",\"description\":\"\",\"publisher\":{\"@id\":\"https:\/\/memcmf23.fr\/#organization\"},\"potentialAction\":[{\"@type\":\"SearchAction\",\"target\":{\"@type\":\"EntryPoint\",\"urlTemplate\":\"https:\/\/memcmf23.fr\/?s={search_term_string}\"},\"query-input\":\"required name=search_term_string\"}],\"inLanguage\":\"en-US\"},{\"@type\":\"Organization\",\"@id\":\"https:\/\/memcmf23.fr\/#organization\",\"name\":\"Musique(s) en Marche\",\"url\":\"https:\/\/memcmf23.fr\/\",\"logo\":{\"@type\":\"ImageObject\",\"inLanguage\":\"en-US\",\"@id\":\"https:\/\/memcmf23.fr\/#\/schema\/logo\/image\/\",\"url\":\"https:\/\/memcmf23.fr\/wp-content\/uploads\/2023\/05\/cropped-cropped-MeM.png\",\"contentUrl\":\"https:\/\/memcmf23.fr\/wp-content\/uploads\/2023\/05\/cropped-cropped-MeM.png\",\"width\":174,\"height\":112,\"caption\":\"Musique(s) en Marche\"},\"image\":{\"@id\":\"https:\/\/memcmf23.fr\/#\/schema\/logo\/image\/\"},\"sameAs\":[\"https:\/\/www.facebook.com\/p\/Musiques-en-Marche-100031013935971\/\"]}]}<\/script>\n<!-- \/ Yoast SEO plugin. -->","yoast_head_json":{"title":"Soci\u00e9t\u00e9 de Musique de Bussi\u00e8re-Dunoise - Musique(s) en Marche","robots":{"index":"index","follow":"follow","max-snippet":"max-snippet:-1","max-image-preview":"max-image-preview:large","max-video-preview":"max-video-preview:-1"},"canonical":"https:\/\/memcmf23.fr\/index.php\/societe-de-musique-de-bussiere-dunoise\/","og_locale":"en_US","og_type":"article","og_title":"Soci\u00e9t\u00e9 de Musique de Bussi\u00e8re-Dunoise - Musique(s) en Marche","og_description":"Soci\u00e9t\u00e9 de musique de Bussi\u00e8re-Dunoise Pr\u00e9sentation de la soci\u00e9t\u00e9 de musique de Bussi\u00e8re-Dunoise : L&#8217;\u00e9cole de musique de Bussi\u00e8re-Dunoise est une \u00e9cole associative. Elle est, dans le cadre qui lui [&hellip;]","og_url":"https:\/\/memcmf23.fr\/index.php\/societe-de-musique-de-bussiere-dunoise\/","og_site_name":"Musique(s) en Marche","article_publisher":"https:\/\/www.facebook.com\/p\/Musiques-en-Marche-100031013935971\/","article_modified_time":"2023-06-02T12:55:45+00:00","twitter_card":"summary_large_image","twitter_misc":{"Est. reading time":"2 minutes"},"schema":{"@context":"https:\/\/schema.org","@graph":[{"@type":"WebPage","@id":"https:\/\/memcmf23.fr\/index.php\/societe-de-musique-de-bussiere-dunoise\/","url":"https:\/\/memcmf23.fr\/index.php\/societe-de-musique-de-bussiere-dunoise\/","name":"Soci\u00e9t\u00e9 de Musique de Bussi\u00e8re-Dunoise - Musique(s) en Marche","isPartOf":{"@id":"https:\/\/memcmf23.fr\/#website"},"datePublished":"2023-05-25T14:38:09+00:00","dateModified":"2023-06-02T12:55:45+00:00","breadcrumb":{"@id":"https:\/\/memcmf23.fr\/index.php\/societe-de-musique-de-bussiere-dunoise\/#breadcrumb"},"inLanguage":"en-US","potentialAction":[{"@type":"ReadAction","target":["https:\/\/memcmf23.fr\/index.php\/societe-de-musique-de-bussiere-dunoise\/"]}]},{"@type":"BreadcrumbList","@id":"https:\/\/memcmf23.fr\/index.php\/societe-de-musique-de-bussiere-dunoise\/#breadcrumb","itemListElement":[{"@type":"ListItem","position":1,"name":"Accueil","item":"https:\/\/memcmf23.fr\/"},{"@type":"ListItem","position":2,"name":"Soci\u00e9t\u00e9 de Musique de Bussi\u00e8re-Dunoise"}]},{"@type":"WebSite","@id":"https:\/\/memcmf23.fr\/#website","url":"https:\/\/memcmf23.fr\/","name":"Musique(s) en Marche","description":"","publisher":{"@id":"https:\/\/memcmf23.fr\/#organization"},"potentialAction":[{"@type":"SearchAction","target":{"@type":"EntryPoint","urlTemplate":"https:\/\/memcmf23.fr\/?s={search_term_string}"},"query-input":"required name=search_term_string"}],"inLanguage":"en-US"},{"@type":"Organization","@id":"https:\/\/memcmf23.fr\/#organization","name":"Musique(s) en Marche","url":"https:\/\/memcmf23.fr\/","logo":{"@type":"ImageObject","inLanguage":"en-US","@id":"https:\/\/memcmf23.fr\/#\/schema\/logo\/image\/","url":"https:\/\/memcmf23.fr\/wp-content\/uploads\/2023\/05\/cropped-cropped-MeM.png","contentUrl":"https:\/\/memcmf23.fr\/wp-content\/uploads\/2023\/05\/cropped-cropped-MeM.png","width":174,"height":112,"caption":"Musique(s) en Marche"},"image":{"@id":"https:\/\/memcmf23.fr\/#\/schema\/logo\/image\/"},"sameAs":["https:\/\/www.facebook.com\/p\/Musiques-en-Marche-100031013935971\/"]}]}},"uagb_featured_image_src":{"full":false,"thumbnail":false,"medium":false,"medium_large":false,"large":false,"1536x1536":false,"2048x2048":false,"ocean-thumb-m":false,"ocean-thumb-ml":false,"ocean-thumb-l":false},"uagb_author_info":{"display_name":"Musique(s) en Marche","author_link":"https:\/\/memcmf23.fr\/index.php\/author\/admin3481\/"},"uagb_comment_info":0,"uagb_excerpt":"Soci\u00e9t\u00e9 de musique de Bussi\u00e8re-Dunoise Pr\u00e9sentation de la soci\u00e9t\u00e9 de musique de Bussi\u00e8re-Dunoise : L&#8217;\u00e9cole de musique de Bussi\u00e8re-Dunoise est une \u00e9cole associative. Elle est, dans le cadre qui lui [&hellip;]","_links":{"self":[{"href":"https:\/\/memcmf23.fr\/index.php\/wp-json\/wp\/v2\/pages\/1979","targetHints":{"allow":["GET"]}}],"collection":[{"href":"https:\/\/memcmf23.fr\/index.php\/wp-json\/wp\/v2\/pages"}],"about":[{"href":"https:\/\/memcmf23.fr\/index.php\/wp-json\/wp\/v2\/types\/page"}],"author":[{"embeddable":true,"href":"https:\/\/memcmf23.fr\/index.php\/wp-json\/wp\/v2\/users\/1"}],"replies":[{"embeddable":true,"href":"https:\/\/memcmf23.fr\/index.php\/wp-json\/wp\/v2\/comments?post=1979"}],"version-history":[{"count":13,"href":"https:\/\/memcmf23.fr\/index.php\/wp-json\/wp\/v2\/pages\/1979\/revisions"}],"predecessor-version":[{"id":2294,"href":"https:\/\/memcmf23.fr\/index.php\/wp-json\/wp\/v2\/pages\/1979\/revisions\/2294"}],"wp:attachment":[{"href":"https:\/\/memcmf23.fr\/index.php\/wp-json\/wp\/v2\/media?parent=1979"}],"curies":[{"name":"wp","href":"https:\/\/api.w.org\/{rel}","templated":true}]}}